{"id":186,"date":"2013-06-15T15:07:38","date_gmt":"2013-06-15T15:07:38","guid":{"rendered":"http:\/\/apollo1.cz\/fotograf\/kontakt-2\/"},"modified":"2026-02-20T16:38:31","modified_gmt":"2026-02-20T15:38:31","slug":"contact","status":"publish","type":"page","link":"https:\/\/eshop.fotografmagazine.cz\/en\/contact\/","title":{"rendered":"Contact"},"content":{"rendered":"<div class='content-column one_half'><h4>publisher<\/h4>\n<p>Fotograf 07 z.s.<br \/>\nJungmannova 19\/7<br \/>\n110 00 Prague 1<br \/>\nCzech Republic<\/p>\n<p>E: <a href=\"mailto:info@fotografnet.cz\" target=\"_blank\" rel=\"noopener noreferrer\">info@fotograf.zone<\/a><\/p>\n<h4>billing\u00a0address<\/h4>\n<p>Fotograf 07 z.s.<br \/>\nJungmannova 19\/7<br \/>\n110 00 Prague\u00a01<br \/>\nCzech Republic<\/p>\n<p>ID: 28561236\u00a0<br \/>\nIBAN: CZ8420100000002800358798<br \/>\nSWIFT: FIOBCZPPXXX<\/p>\n<div>\u00a0<\/div>\n<p><a class=\"button\" title=\"List of Sales Points\" href=\"https:\/\/eshop.fotografmagazine.cz\/prodejni-mista\/\">List of sales points<\/a><\/p>\n<p>&nbsp;<\/p>\n<h4>opening times of bookshop<\/h4>\n<p>mon\u2013thu: 1\u20137 pm<\/p><\/div>\n<div class='content-column one_half last_column'><h4>editors<\/h4>\n<div><strong>Mark\u00e9ta Kinterov\u00e1 <\/strong><\/div>\n<div>editor-in-chief<\/div>\n<div><a title=\"marketa.kinterova@fotografnet.cz\" href=\"mailto:marketa.kinterova@fotografnet.cz\">marketa.kinterova@fotograf.zone<\/a><br \/>\n+420 777 674 874<\/div>\n<p><strong>Barbora \u010c\u00e1pov\u00e1<\/strong><br \/>\nmanaging editor<br \/>\n<a href=\"mailto:barbora.capova@fotografnet.cz\">barbora.capova@fotograf.zone<\/a><a href=\"mailto:stepanka.holbova@fotografnet.cz\" target=\"_blank\" rel=\"noopener noreferrer\"><br \/>\n<\/a>+420 733 718 424<\/p>\n<div>\n<div><strong>Tereza Vackov\u00e1<\/strong><\/div>\n<div>PR &amp; social media<\/div>\n<div><a href=\"mailto:tereza.vackova@fotografnet.cz\" target=\"_blank\" rel=\"noopener\">tereza.vackova@fotograf.zone<\/a><\/div>\n<div>\u00a0<\/div>\n<div><strong>Distribution &amp; Subscription<\/strong><\/div>\n<div><a href=\"mailto:distribuce@fotografnet.cz\" target=\"_blank\" rel=\"noopener\">distribuce@fotograf.zone<\/a><\/div>\n<\/div>\n<div>+420 720 314 598<\/div>\n<h4>\u00a0<\/h4>\n<h4>editorial board<\/h4>\n<p>Mark\u00e9ta Kinterov\u00e1, Pavel Ba\u0148ka, Hana Buddeus, \u0160t\u011bp\u00e1n Grygar, Tom\u00e1\u0161 Hr\u016fza, Tom\u00e1\u0161 Posp\u011bch,\u00a0 Pavl\u00edna Vogelov\u00e1, Tereza Rudolf, Pavel Van\u010d\u00e1t, Tereza \u0160pinkov\u00e1<\/p><\/div><div class='clear_column'><\/div>\n<div>\u00a0<\/div>\n<p><iframe loading=\"lazy\" src=\"https:\/\/www.google.com\/maps\/embed?pb=!1m18!1m12!1m3!1d2560.334450353604!2d14.41981291618246!3d50.08002477942595!2m3!1f0!2f0!3f0!3m2!1i1024!2i768!4f13.1!3m3!1m2!1s0x470b94f2be597e83%3A0xba06169d24de8695!2sFotograf+Gallery!5e0!3m2!1scs!2scz!4v1505891672380\" width=\"100%\" height=\"320\" frameborder=\"0\" allowfullscreen=\"allowfullscreen\" data-mce-fragment=\"1\"><\/iframe><\/p>\n","protected":false},"excerpt":{"rendered":"<p>\u00a0<\/p>\n","protected":false},"author":169,"featured_media":0,"parent":0,"menu_order":0,"comment_status":"closed","ping_status":"closed","template":"","meta":{"_acf_changed":false,"footnotes":""},"acf":[],"_links":{"self":[{"href":"https:\/\/eshop.fotografmagazine.cz\/en\/wp-json\/wp\/v2\/pages\/186"}],"collection":[{"href":"https:\/\/eshop.fotografmagazine.cz\/en\/wp-json\/wp\/v2\/pages"}],"about":[{"href":"https:\/\/eshop.fotografmagazine.cz\/en\/wp-json\/wp\/v2\/types\/page"}],"author":[{"embeddable":true,"href":"https:\/\/eshop.fotografmagazine.cz\/en\/wp-json\/wp\/v2\/users\/169"}],"replies":[{"embeddable":true,"href":"https:\/\/eshop.fotografmagazine.cz\/en\/wp-json\/wp\/v2\/comments?post=186"}],"version-history":[{"count":4,"href":"https:\/\/eshop.fotografmagazine.cz\/en\/wp-json\/wp\/v2\/pages\/186\/revisions"}],"predecessor-version":[{"id":36784,"href":"https:\/\/eshop.fotografmagazine.cz\/en\/wp-json\/wp\/v2\/pages\/186\/revisions\/36784"}],"wp:attachment":[{"href":"https:\/\/eshop.fotografmagazine.cz\/en\/wp-json\/wp\/v2\/media?parent=186"}],"curies":[{"name":"wp","href":"https:\/\/api.w.org\/{rel}","templated":true}]}}