{"id":237,"date":"2013-06-28T20:01:07","date_gmt":"2013-06-28T19:01:07","guid":{"rendered":"http:\/\/apollo1.cz\/fotograf\/?page_id=237"},"modified":"2021-03-23T16:38:18","modified_gmt":"2021-03-23T15:38:18","slug":"about-us","status":"publish","type":"page","link":"https:\/\/eshop.fotografmagazine.cz\/en\/about-us\/","title":{"rendered":"About Us"},"content":{"rendered":"<div class='content-column one_half'><p>Fotograf Magazine is comprehensive 80-page periodical that has been published in both Czech and English versions since 2002. Building on the magazine\u2019s activities, Fotograf Gallery was opened in 2009 and, two years later, the first Fotograf Festival was held. This led to the establishment of Fotograf 07 z.s. as an officially registered association that functions as an art platform and carries out extensive publication, exhibition, and educational activities in the field of photography as well as in certain other overlapping disciplines. This organisation aims to promote and support photography within the context of the fine arts, to ensure its greater inclusion in contemporary art, and to increase public awareness about photography not only in the Czech Republic but also at a visible level on the international scene.<\/p>\n<p>Over the course of its existence, Fotograf Magazine has attained a prominent position amongst Czech cultural periodicals. At the global level, it is one of the most important magazines focusing on current photographic art. The mission and objective of Fotograf Magazine is to inform the Czech professional public as well as the broader cultural public about what is happening in the field of photographic art at home and abroad, and, even more importantly, to increase awareness about Czech photography and contemporary visual culture in the Czech Republic and elsewhere. Fotograf Magazine is published three times a year and each issue has a unique thematic focus. Because of the resulting quality of timelessness, Fotograf Magazine has an advantage over standard art magazines as it is possible to return to individual issues and use them as study materials for a specific thematic area.<\/p>\n<p>The bulk of the magazine\u2019s contents consists of visual presentations of the works of individual artists accompanied by interpretive texts by renowned experts. The main thematic block, which continues to be our key focal point, includes the Project and Interview columns. The Discoveries column is the lead-in to that part of Fotograf Magazine devoted to current trends, books, and events, and also presents artists who we are convinced bring original approaches to artworks using the photographic medium. In the Theory column, we regularly present texts associated with contemporary photography theory. Our Reviews column brings information about interesting publication activities and, as has become traditional, the Events column lists the most important events taking place in both the Czech Republic and abroad.<\/p>\n<p>Fotograf Magazine is issued three times a year with the financial support of the <a href=\"https:\/\/www.mkcr.cz\/?lang=en\">Ministry of Culture of the Czech Republic<\/a> and <a href=\"https:\/\/www.mkcr.cz\/?lang=en\">State Fund of Culture of the Czech Republic.<\/a><\/p>\n<p>&nbsp;<\/p>\n<p><strong>COLLECTABLE PORTFOLIOS (<\/strong><strong>limited editions)<\/strong><\/p>\n<p>Since 2011 the Fotograf 07 z.s. twice-yearly has been compiling collective photographic portfolios as special collector&#8217;s editions thematically related to selected issues of the Fotograf Magazine. For the institution primarily focused on the presentation and promotion of fine art photography both in the Czech Republic and abroad, the sale of collectable portfolios is a source of finance, thanks to which all the three Fotograf platforms &#8211; magazine, gallery and festival can be developed. The artists with no claim to remuneration participate in the functioning of all the three Fotograf platforms. They willingly and with altruism contribute to the fact that Fotograf has become the largest Czech non-governmental non-profit organization active in the field of contemporary fine art photography within the last decade and a half. The collector&#8217;s portfolio project, supported by PPF Art a.s., has become a venerable form of philanthropy and patronage by which the artists reward Fotograf 07 z.s. as well as those of their colleagues, to whom we pay an attention and care through our activities.<\/p>\n<p>We would like to thank the following artists:<\/p>\n<p><em>Radeq Brousil, Veronika Dan\u030chelova\u0301 &amp; Karla Hostas\u030cova\u0301, Adam Holy\u0301, Tereza Kabu\u030arkova\u0301, Dzmitry Kruhlou, Silvie Milkova\u0301, Daniela &amp; Linda Dosta\u0301lkova\u0301, Juliana Kr\u030ci\u0301z\u030cova\u0301 &amp; Jakub Vlc\u030cek, Jan Mahr, Jan Maly\u0301, Kamila Musilova\u0301, Petr Willert, Jan Kude\u030cj, Martin Nova\u0301k, Olga Alia Krulis\u030cova\u0301, Eva Pacalova\u0301, David Stecker, Tereza Pr\u030ci\u0301hodova\u0301 PRAHA \u2013 Toma\u0301s\u030c Brabec, Sylva Francova\u0301, Marke\u0301ta Kinterova\u0301, Ludmila Kadlecova\u0301, Viktor Kopasz, Toma\u0301s\u030c Souc\u030cek, Peter Fabo, Tereza Janec\u030ckova\u0301 &amp; Pavli\u0301na Mi\u0301c\u030cova\u0301, Matky &amp; Otcove\u0301, Michal Kalhous, Silvie Kolevova\u0301, Petra Steinerova\u0301, Milan \u201cFano\u201d Blatny\u0301, Kater\u030cina Drz\u030ckova\u0301 a Daniela Mate\u030cjkova\u0301, Karel Knop, Pavel Matela, Tereza Severova\u0301, Tereza Veli\u0301kova\u0301, Jana Butzke, Alz\u030cbe\u030cta Diringerova\u0301, Ivars Gravlejs, Alz\u030cbe\u030cta Koc\u030cvarova\u0301, Petr Kos\u030ca\u0301rek, Ondr\u030cej Telecky\u0301, Linda C\u030cihar\u030cova\u0301, Anna Bala\u0301z\u030cova\u0301 &amp; Katari\u0301na Hla\u0301dekova\u0301, Petra Hudcova\u0301, Iveta Kulhava\u0301, Toma\u0301s\u030c Lumpe, Kater\u030cina Zochova\u0301, Vendula Knopova\u0301, Veronika Markovic\u030cova\u0301, S\u030cte\u030cpa\u0301n Pech, Jana S\u030cas\u030ckova\u0301, Barbora Toman Tylova\u0301, Dus\u030can Zahoransky\u0301, Mario Biha\u0301ri &amp; Bjo\u0308rn Steinz, Michael Borek, Dominik Gajarsky\u0301, Katari\u0301na Hrus\u030ckova\u0301, Ja\u0301chym Myslivec &amp; Barbora Kov\u00e1\u0159ov\u00e1, Tereza Zelenkova\u0301, Toma\u0301s\u030c Chadim, Jakub Cabalka &amp; Jakub C\u030cervenka, Toma\u0301s\u030c Moravec, Lucia Scerankova\u0301, Jakub Skokan &amp; Martin Tu\u030ama, Miroslava Vec\u030cer\u030cova\u0301, Ja\u0301n Kekeli, Mate\u030cj Skalicky\u0301, Mate\u030cj Chrenka, Martin Vongrej, Jan S\u030calda, S\u030cimon S\u030ctrba &amp; Tereza Bonaventurova\u0301, Zuzana Fedorova\u0301, Lenka Glisni\u0301kova\u0301, Toma\u0301s\u030c Hru\u030aza, Luka\u0301s\u030c Kubec, S\u030cte\u030cpa\u0301nka Sigmundova\u0301, Adam Vac\u030cka\u0301r\u030c, Darina Alster, Tereza Bonaventurova\u0301, Michal Czanderle &amp; Michal Adamovsky\u0301, Zuzana Pustaiova\u0301, Jakub Ra, Marie Tuc\u030ckova\u0301<\/em><\/p><\/div>\n<div class='content-column one_half last_column'><p><img loading=\"lazy\" decoding=\"async\" class=\"alignnone wp-image-32014 size-medium\" src=\"https:\/\/eshop.fotografmagazine.cz\/wp-content\/uploads\/2020\/07\/fotografkrest_web045-288x192.jpg\" alt=\"\" width=\"288\" height=\"192\" \/><\/p>\n\n\t\t<style type='text\/css'>\n\n\t\t<\/style>\n\t\t<div id='gallery-1' class='gallery galleryid-237 gallery-columns-2 gallery-size-medium'><dl class='gallery-item'>\n\t\t\t<dt class='gallery-icon landscape'>\n\t\t\t\t<img loading=\"lazy\" decoding=\"async\" width=\"288\" height=\"192\" src=\"https:\/\/eshop.fotografmagazine.cz\/wp-content\/uploads\/2020\/07\/fotografkrest_web007-288x192.jpg\" class=\"attachment-medium size-medium\" alt=\"\" \/>\n\t\t\t<\/dt><\/dl><dl class='gallery-item'>\n\t\t\t<dt class='gallery-icon landscape'>\n\t\t\t\t<img loading=\"lazy\" decoding=\"async\" width=\"288\" height=\"192\" src=\"https:\/\/eshop.fotografmagazine.cz\/wp-content\/uploads\/2018\/05\/01_26_09_opening_011-460x307.jpeg\" class=\"attachment-medium size-medium\" alt=\"\" \/>\n\t\t\t<\/dt><\/dl><dl class='gallery-item'>\n\t\t\t<dt class='gallery-icon landscape'>\n\t\t\t\t<img loading=\"lazy\" decoding=\"async\" width=\"288\" height=\"192\" src=\"https:\/\/eshop.fotografmagazine.cz\/wp-content\/uploads\/2018\/05\/img_1293m-460x307.jpeg\" class=\"attachment-medium size-medium\" alt=\"\" \/>\n\t\t\t<\/dt><\/dl><dl class='gallery-item'>\n\t\t\t<dt class='gallery-icon landscape'>\n\t\t\t\t<img loading=\"lazy\" decoding=\"async\" width=\"288\" height=\"192\" src=\"https:\/\/eshop.fotografmagazine.cz\/wp-content\/uploads\/2013\/06\/krest_20_1009-460x307.jpeg\" class=\"attachment-medium size-medium\" alt=\"\" \/>\n\t\t\t<\/dt><\/dl>\n\t\t<\/div>\n\n<p><img loading=\"lazy\" decoding=\"async\" class=\"alignnone size-medium wp-image-30727\" src=\"https:\/\/eshop.fotografmagazine.cz\/wp-content\/uploads\/2019\/11\/a4b0030_2-288x192.jpeg\" alt=\"\" width=\"288\" height=\"192\" \/><\/p><\/div><div class='clear_column'><\/div>\n","protected":false},"excerpt":{"rendered":"","protected":false},"author":169,"featured_media":0,"parent":0,"menu_order":0,"comment_status":"closed","ping_status":"closed","template":"","meta":{"_acf_changed":false,"footnotes":""},"acf":[],"_links":{"self":[{"href":"https:\/\/eshop.fotografmagazine.cz\/en\/wp-json\/wp\/v2\/pages\/237"}],"collection":[{"href":"https:\/\/eshop.fotografmagazine.cz\/en\/wp-json\/wp\/v2\/pages"}],"about":[{"href":"https:\/\/eshop.fotografmagazine.cz\/en\/wp-json\/wp\/v2\/types\/page"}],"author":[{"embeddable":true,"href":"https:\/\/eshop.fotografmagazine.cz\/en\/wp-json\/wp\/v2\/users\/169"}],"replies":[{"embeddable":true,"href":"https:\/\/eshop.fotografmagazine.cz\/en\/wp-json\/wp\/v2\/comments?post=237"}],"version-history":[{"count":0,"href":"https:\/\/eshop.fotografmagazine.cz\/en\/wp-json\/wp\/v2\/pages\/237\/revisions"}],"wp:attachment":[{"href":"https:\/\/eshop.fotografmagazine.cz\/en\/wp-json\/wp\/v2\/media?parent=237"}],"curies":[{"name":"wp","href":"https:\/\/api.w.org\/{rel}","templated":true}]}}