{"id":3891,"date":"2013-06-24T15:23:47","date_gmt":"2013-06-24T14:23:47","guid":{"rendered":"http:\/\/localhost.fotografmagazine.2017.cz\/?page_id=3891"},"modified":"2020-03-24T20:17:59","modified_gmt":"2020-03-24T19:17:59","slug":"sales-points","status":"publish","type":"page","link":"https:\/\/eshop.fotografmagazine.cz\/en\/sales-points\/","title":{"rendered":"Sales points"},"content":{"rendered":"<div class='content-column one_half'><h3>Czech republic<\/h3>\n<p><strong>Prague<\/strong><\/p>\n<div>Fotograf\u00a0Gallery\u00a0Jungmannova 19\/7, Prague 1\u00a0<br \/>\nFoto\u0160koda\u00a0Vodi\u010dkova 37, Prague 1\u00a0<br \/>\nDOX\u00a0Poup\u011btova 1, Prague 7\u00a0<br \/>\nHouse of Photography\u00a0Revolu\u010dn\u00ed\u00a01006\/5, Prague 1\u00a0<br \/>\nFotografic Gallery\u00a0St\u0159\u00edbrn\u00e1\u00a0212\/2, Prague 1\u00a0<br \/>\nPolagraph\u00a0Husineck\u00e1 14, Prague 3<br \/>\nBookstore\u00a0Kosmas\u00a0Perlov\u00e1 370\/3, Prague 1<br \/>\nModernista\u00a0The Museum of\u00a0Decorative Arts,\u00a0ulice 17. listopadu 2, Prague 1 <br \/>\nBookstore Koenig Books National Gallery,\u00a0Dukelsk\u00fdch hrdin\u016f 47, Prague 1<br \/>\nBookstore Academia\u00a0N\u00e1rodn\u00ed\u00a07, Prague 1\u00a0<br \/>\nBookstore Academia\u00a0Vodi\u010dkova\u00a037, Prague 1\u00a0<br \/>\nBookstore ArtMap\u00a0Vojt\u011b\u0161sk\u00e1 18, Prague 1\u00a0<br \/>\nBoostore \u0158eho\u0159 Samsa\u00a0V j\u00e1m\u011b 699\/3, Prague 1\u00a0<br \/>\nBookstore Ostrov\u00a0Ostrovn\u00ed 17, Prague 1\u00a0<br \/>\nLeica Gallery Prague\u00a0\u0160kolsk\u00e1\u00a028\/693, Prague 1<br \/>\nGallery AMU\u00a0Malostransk\u00e9 n\u00e1m\u011bst\u00ed 12, Prague 1<br \/>\nHunt Kastner\u00a0Bo\u0159ivojova 85, Prague 3<br \/>\nPageFive\u00a0Veverkova 5, Prague 7\u00a0<br \/>\nBookstore Luxor\u00a0V\u00e1clavsk\u00e9 n\u00e1m\u011bst\u00ed 41, Prague 1<\/div>\n<div>\n<div>Caf\u00e9 Bo\u017esk\u00e1 Lahvice Italsk\u00e1 211\/13, Prague 2<\/div>\n<div>Prague City Gallery Colloredo-Mansfeld Palace Karlova 189\/2, Prague 1<\/div>\n<\/div>\n<p>&nbsp;<\/p>\n<p><strong>Brno<\/strong><\/p>\n<div>The Brno House of Art\u00a0Malinovsk\u00e9ho n\u00e1m\u011bst\u00ed 652\/2, Brno <br \/>\nFait\u00a0Gallery Ve Va\u0148kovce 2, Brno<br \/>\nBookstore Academia N\u00e1m\u011bst\u00ed Svobody 13,\u00a0Brno\u00a0<br \/>\nBookstore ArtMap\u00a0M\u00edstodr\u017eitelsk\u00fd pal\u00e1c \u2013 Moravsk\u00e9 n\u00e1m\u011bst\u00ed 1, Brno\u00a0<\/div>\n<p>&nbsp;<\/p>\n<p><strong>\u010cesk\u00e9 Bud\u011bjovice<\/strong><\/p>\n<div>House of Art \u010cesk\u00e9 Bud\u011bjovice n\u00e1m\u011bst\u00ed P\u0159emysla Otakara II.\u00a038,\u00a0370 01 \u010cesk\u00e9 Bud\u011bjovice<\/div>\n<p>&nbsp;<\/p>\n<p><strong>Ostrava<\/strong><\/p>\n<div>Fiducia Gallery\u00a0N\u00e1dra\u017en\u00ed 30, Ostrava<\/div>\n<p>&nbsp;<\/p>\n<p><strong>Humpolec<\/strong><\/p>\n<div>8smi\u010dka Kamarytova 97, Humpolec<\/div><\/div>\n<div class='content-column one_half last_column'><h3>Europe<\/h3>\n<p><strong>Bratislava<\/strong><\/p>\n<div>Central European House of Photography Prepo\u0161tsk\u00e1 4, Star\u00e9 Mesto, Bratislava<\/div>\n<p>&nbsp;<\/p>\n<p><strong>Budape\u0161\u0165<\/strong><\/p>\n<div>ISBN V\u00edg utca 2, 1084 Budapest<\/div>\n<p>&nbsp;<\/p>\n<p><strong>Vienna<\/strong><\/p>\n<div>Buchhandlung Walther K\u00f6nig, Museumsplatz 1, 1070 Wien<\/div>\n<p>&nbsp;<\/p>\n<p><strong>Berlin<\/strong><\/p>\n<div>Motto Berlin Skalitzer Stra\u00dfe 68, 10997<\/div>\n<p>&nbsp;<\/p>\n<p><strong>Milan<\/strong><\/p>\n<div>Reading Room, via Mincio 10, Milano<\/div>\n<p>&nbsp;<\/p>\n<p><strong>London<\/strong><\/p>\n<h3><a href=\"https:\/\/magculture.com\/\">MagCulture<\/a><\/h3>\n<h3><a href=\"https:\/\/www.stackmagazines.com\/\">Stack<\/a><\/h3>\n<div>Artwords Bookshop 69 Rivington St, London EC2A 3QQ<br \/>\nArtwords Bookshop 20-22 Broadway Market, London E8 4QJ<br \/>\nCharlotte Street News 66 Charlotte St, London W1T 4QE<br \/>\nClaire de Rouen Books 125 Charing Cross Rd, London WC2H 0EW<br \/>\nFashion Media &amp; News Great Titchfield Street, London W1<br \/>\nKoenig Books at the Serpentine Gallery Kensington Gardens, London W2 3XA<br \/>\nMagma Book Shop 117-119 Clerkenwell Rd, London EC1R 5BY<br \/>\nROCOCO 12 Elgin Crescent, Notting Hill,\u00a0London, W11 2HX<br \/>\nThe\u00a0Photographers\u2018\u00a0Gallery 16 \u2013 18 Ramillies St,\u00a0London\u00a0W1F 7LW<br \/>\nWardour News 118-120 Wardour St, London W1F 0TU<br \/>\nWHSmith Books at Selfridges 400 Oxford Street, London\u00a0W1A 1AB<\/div>\n<p>&nbsp;<\/p>\n<p><strong>Manchester<\/strong><\/p>\n<div>Cornerhouse 70 Oxford St, Manchester M1 5NH<\/div>\n<p>&nbsp;<\/p>\n<p><strong>Rushden<\/strong><\/p>\n<div><a href=\"http:\/\/www.magazineheaven.com\" target=\"_blank\" rel=\"noopener noreferrer\">Magazine Heaven Ltd.<\/a>, South Terrace &#8211; Unit A1b, Rushden lakes Shopping Park, Rushden, Northants, NN10 6FS<\/div>\n<p>&nbsp;<\/p>\n<p><strong>Paris<\/strong><\/p>\n<div>Palais de Tokyo 13 Avenue du Pr\u00e9sident Wilson, 75116 Paris<\/div>\n<h3>\u00a0<\/h3>\n<h3>USA<\/h3>\n<p><strong>New York<\/strong><\/p>\n<div>MoMA PS1\u00a022-25 Jackson Ave,\u00a0Long Island City.<br \/>\nMoMA\u00a011 West 53 Street<br \/>\nBarnes &amp; Noble<\/div><\/div><div class='clear_column'><\/div>\n","protected":false},"excerpt":{"rendered":"","protected":false},"author":169,"featured_media":0,"parent":0,"menu_order":0,"comment_status":"closed","ping_status":"closed","template":"","meta":{"_acf_changed":false,"footnotes":""},"acf":[],"_links":{"self":[{"href":"https:\/\/eshop.fotografmagazine.cz\/en\/wp-json\/wp\/v2\/pages\/3891"}],"collection":[{"href":"https:\/\/eshop.fotografmagazine.cz\/en\/wp-json\/wp\/v2\/pages"}],"about":[{"href":"https:\/\/eshop.fotografmagazine.cz\/en\/wp-json\/wp\/v2\/types\/page"}],"author":[{"embeddable":true,"href":"https:\/\/eshop.fotografmagazine.cz\/en\/wp-json\/wp\/v2\/users\/169"}],"replies":[{"embeddable":true,"href":"https:\/\/eshop.fotografmagazine.cz\/en\/wp-json\/wp\/v2\/comments?post=3891"}],"version-history":[{"count":0,"href":"https:\/\/eshop.fotografmagazine.cz\/en\/wp-json\/wp\/v2\/pages\/3891\/revisions"}],"wp:attachment":[{"href":"https:\/\/eshop.fotografmagazine.cz\/en\/wp-json\/wp\/v2\/media?parent=3891"}],"curies":[{"name":"wp","href":"https:\/\/api.w.org\/{rel}","templated":true}]}}