{"id":27638,"date":"2014-02-28T11:29:11","date_gmt":"2014-02-28T10:29:11","guid":{"rendered":"http:\/\/fotografmagazine.cz\/2017\/produkt\/koncept-nefotografie\/"},"modified":"2020-04-03T10:40:46","modified_gmt":"2020-04-03T09:40:46","slug":"koncept-nefotografie","status":"publish","type":"product","link":"https:\/\/eshop.fotografmagazine.cz\/en\/produkt\/koncept-nefotografie\/","title":{"rendered":"Koncept nefotografie"},"content":{"rendered":"<ul>\n<li>Autor: Fran\u00e7ois Laruelle<\/li>\n<li>Nakladatel: Fotograf 07 o.s.<\/li>\n<li>Rok vyd\u00e1n\u00ed: 2012<\/li>\n<li>ISBN: 978-80-260-3816-0<\/li>\n<li>Form\u00e1t: 25 x 14,7 cm<\/li>\n<li>Po\u010det stran: 82<\/li>\n<li>Typ vazby: bro\u017eovan\u00e1<\/li>\n<li>Jazyk: \u010desky<\/li>\n<li>P\u0159eklad: \u010cestm\u00edr Pelik\u00e1n<\/li>\n<\/ul>\n<p>Nejnov\u011bj\u0161\u00ed kniha Fran\u00e7oise Laruella obohacuje sou\u010dasn\u00e9 psan\u00ed o\u00a0fotografii o\u00a0zcela p\u016fvodn\u00ed my\u0161len\u00ed. Autora nezaj\u00edmaj\u00ed t\u00e9mata dnes u\u017e tradi\u010dn\u011b spjat\u00e1 s\u00a0teori\u00ed fotografie, ale zab\u00fdv\u00e1 se samotnou podstatou fotografie.<\/p>\n<p>Popisuje fotografii jako my\u0161len\u00ed, kter\u00e9 umo\u017e\u0148uje nov\u011b se vztahovat ke sv\u011btu. Zpochyb\u0148uje p\u0159edstavu kauz\u00e1ln\u00edho spojen\u00ed fotografovan\u00e9 skute\u010dnosti a\u00a0fotografick\u00e9ho obrazu a\u00a0popisuje ji jako iluzi, vytvo\u0159enou technologick\u00fdm automatismem. Toto tvrzen\u00ed dov\u00e1d\u00ed do d\u016fsledku: fotografie se v\u00a0jeho pojet\u00ed st\u00e1v\u00e1 fikc\u00ed \u2013 skute\u010dnou pouze v\u00a0r\u00e1mci jej\u00ed vlastn\u00ed ploch\u00e9 existence. Laruellova nefotografie fotografii nepop\u00edr\u00e1, ale naopak upozor\u0148uje na jej\u00ed univerz\u00e1ln\u00ed platnost a\u00a0nov\u011b ji zasazuje do kontextu um\u011bn\u00ed, filozofie a\u00a0p\u0159edev\u0161\u00edm v\u011bdy.<\/p>\n<p>\u201eFotka nen\u00ed zrcadlov\u00fdm zdvojen\u00edm sebe sam\u00e9 a\u00a0je\u0161t\u011b m\u00e9n\u011b je odrazem n\u011b\u010deho vn\u011bj\u0161\u00edho nebo n\u011bjakou hrou odraz\u016f, simulakrem. Je to absolutn\u00ed odraz bez zrcadla, poka\u017ed\u00e9 jedine\u010dn\u00fd, ale schopn\u00fd nekone\u010dn\u00e9 moci, kter\u00fd neust\u00e1le skr\u00fdv\u00e1 mno\u017estv\u00ed identit.\u201c<\/p>\n","protected":false},"excerpt":{"rendered":"<p>Autor: Fran\u00e7ois Laruelle Nakladatel: Fotograf 07 o.s. Rok vyd\u00e1n\u00ed: 2012 ISBN: 978-80-260-3816-0 Form\u00e1t: 25 x 14,7 cm Po\u010det stran: 82 Typ vazby: bro\u017eovan\u00e1 Jazyk: \u010desky P\u0159eklad: \u010cestm\u00edr Pelik\u00e1n Nejnov\u011bj\u0161\u00ed kniha Fran\u00e7oise Laruella obohacuje sou\u010dasn\u00e9 psan\u00ed o\u00a0fotografii o\u00a0zcela p\u016fvodn\u00ed my\u0161len\u00ed. Autora nezaj\u00edmaj\u00ed t\u00e9mata dnes u\u017e tradi\u010dn\u011b spjat\u00e1 s\u00a0teori\u00ed fotografie, ale zab\u00fdv\u00e1 se samotnou podstatou fotografie. Popisuje [&hellip;]<\/p>\n","protected":false},"featured_media":27079,"template":"","meta":{"_acf_changed":false},"product_cat":[113],"product_tag":[],"acf":[],"_links":{"self":[{"href":"https:\/\/eshop.fotografmagazine.cz\/en\/wp-json\/wp\/v2\/product\/27638"}],"collection":[{"href":"https:\/\/eshop.fotografmagazine.cz\/en\/wp-json\/wp\/v2\/product"}],"about":[{"href":"https:\/\/eshop.fotografmagazine.cz\/en\/wp-json\/wp\/v2\/types\/product"}],"wp:featuredmedia":[{"embeddable":true,"href":"https:\/\/eshop.fotografmagazine.cz\/en\/wp-json\/wp\/v2\/media\/27079"}],"wp:attachment":[{"href":"https:\/\/eshop.fotografmagazine.cz\/en\/wp-json\/wp\/v2\/media?parent=27638"}],"wp:term":[{"taxonomy":"product_cat","embeddable":true,"href":"https:\/\/eshop.fotografmagazine.cz\/en\/wp-json\/wp\/v2\/product_cat?post=27638"},{"taxonomy":"product_tag","embeddable":true,"href":"https:\/\/eshop.fotografmagazine.cz\/en\/wp-json\/wp\/v2\/product_tag?post=27638"}],"curies":[{"name":"wp","href":"https:\/\/api.w.org\/{rel}","templated":true}]}}