{"id":30809,"date":"2019-12-19T09:53:48","date_gmt":"2019-12-19T08:53:48","guid":{"rendered":"https:\/\/fotografmagazine.cz\/?post_type=product&#038;p=30809"},"modified":"2019-12-19T09:53:48","modified_gmt":"2019-12-19T08:53:48","slug":"fotograf-edition-2020-jiri-thyn","status":"publish","type":"product","link":"https:\/\/eshop.fotografmagazine.cz\/en\/produkt\/fotograf-edition-2020-jiri-thyn\/","title":{"rendered":"Fotograf Edition 2020 &#8211; Ji\u0159\u00ed Th\u00fdn"},"content":{"rendered":"<p><strong>Technical details<\/strong><\/p>\n<div>Author: Ji\u0159\u00ed Th\u00fdn<\/div>\n<div>From the series: Consciousness as a Fundamental Attribute II<br \/>\nYear of origin: 2014<br \/>\nPrint: Lambda print on glossy paper<br \/>\nSize: 40 x 30 cm<br \/>\nEdition: 10, signed and numbered<br \/>\nPrice: Print without framing<\/div>\n","protected":false},"excerpt":{"rendered":"<p>Technical details Author: Ji\u0159\u00ed Th\u00fdn From the series: Consciousness as a Fundamental Attribute II Year of origin: 2014 Print: Lambda print on glossy paper Size: 40 x 30 cm Edition: 10, signed and numbered Price: Print without framing<\/p>\n","protected":false},"featured_media":30804,"template":"","meta":{"_acf_changed":false},"product_cat":[335],"product_tag":[],"acf":[],"_links":{"self":[{"href":"https:\/\/eshop.fotografmagazine.cz\/en\/wp-json\/wp\/v2\/product\/30809"}],"collection":[{"href":"https:\/\/eshop.fotografmagazine.cz\/en\/wp-json\/wp\/v2\/product"}],"about":[{"href":"https:\/\/eshop.fotografmagazine.cz\/en\/wp-json\/wp\/v2\/types\/product"}],"wp:featuredmedia":[{"embeddable":true,"href":"https:\/\/eshop.fotografmagazine.cz\/en\/wp-json\/wp\/v2\/media\/30804"}],"wp:attachment":[{"href":"https:\/\/eshop.fotografmagazine.cz\/en\/wp-json\/wp\/v2\/media?parent=30809"}],"wp:term":[{"taxonomy":"product_cat","embeddable":true,"href":"https:\/\/eshop.fotografmagazine.cz\/en\/wp-json\/wp\/v2\/product_cat?post=30809"},{"taxonomy":"product_tag","embeddable":true,"href":"https:\/\/eshop.fotografmagazine.cz\/en\/wp-json\/wp\/v2\/product_tag?post=30809"}],"curies":[{"name":"wp","href":"https:\/\/api.w.org\/{rel}","templated":true}]}}