{"id":30846,"date":"2020-01-28T16:43:37","date_gmt":"2020-01-28T15:43:37","guid":{"rendered":"https:\/\/fotografmagazine.cz\/produkt\/30839\/"},"modified":"2021-03-12T22:30:02","modified_gmt":"2021-03-12T21:30:02","slug":"isotonic-songs","status":"publish","type":"product","link":"https:\/\/eshop.fotografmagazine.cz\/en\/produkt\/isotonic-songs\/","title":{"rendered":"Isotonic Songs"},"content":{"rendered":"","protected":false},"excerpt":{"rendered":"<p class=\"western\" lang=\"en-US\"><span lang=\"en\">The Isotonic Songs is an art book made by long-term cooperating artistic duo Pavel P\u0159\u00edkask\u00fd and Miroslava Ve\u010de\u0159ov\u00e1. The book was created in interaction between artists, editor Mariana Serranov\u00e1, authors of text contributions and graphic designer Jan Bro\u017e. At the same time, it is the first of a series of original publications that the Fotograf platform wishes to use to stimulate interest in an unconventional combination of photography, other visual media and printed books.<\/span><\/p>\n<p class=\"western\" lang=\"en-US\"><span lang=\"en\">The book loosely follows the Isotonic Song exhibition of the same name at the Fotograf Gallery in Prague from the beginning of 2019, developing its themes while outlining the links between the works and the public output of this artistic duo.<\/span><\/p>\n<p class=\"western\" lang=\"en-US\"><span lang=\"en\">The book has been published by Fotograf 07 z.s. Its publication was financially supported by the State Fund of Culture of the Czech Republic.<\/span><\/p>\n<p>Editor: Mariana Serannov\u00e1<br \/>\nTexts: Angelica Bollettinari, Christina Gigliotti, Mia Imani Harrison, Michal Novotn\u00fd, Mariana Serranov\u00e1, Borbala Soos<br \/>\nGraphic design: Jan Bro\u017e<br \/>\n104 pages<br \/>\nPrint run: 300 kus\u016f<\/p>\n<p>ISBN: 978\u201380\u2013906924\u20131\u20131<\/p>\n<p>&nbsp;<\/p>\n","protected":false},"featured_media":30843,"template":"","meta":{"_acf_changed":false},"product_cat":[113],"product_tag":[],"acf":[],"_links":{"self":[{"href":"https:\/\/eshop.fotografmagazine.cz\/en\/wp-json\/wp\/v2\/product\/30846"}],"collection":[{"href":"https:\/\/eshop.fotografmagazine.cz\/en\/wp-json\/wp\/v2\/product"}],"about":[{"href":"https:\/\/eshop.fotografmagazine.cz\/en\/wp-json\/wp\/v2\/types\/product"}],"wp:featuredmedia":[{"embeddable":true,"href":"https:\/\/eshop.fotografmagazine.cz\/en\/wp-json\/wp\/v2\/media\/30843"}],"wp:attachment":[{"href":"https:\/\/eshop.fotografmagazine.cz\/en\/wp-json\/wp\/v2\/media?parent=30846"}],"wp:term":[{"taxonomy":"product_cat","embeddable":true,"href":"https:\/\/eshop.fotografmagazine.cz\/en\/wp-json\/wp\/v2\/product_cat?post=30846"},{"taxonomy":"product_tag","embeddable":true,"href":"https:\/\/eshop.fotografmagazine.cz\/en\/wp-json\/wp\/v2\/product_tag?post=30846"}],"curies":[{"name":"wp","href":"https:\/\/api.w.org\/{rel}","templated":true}]}}