{"id":36481,"date":"2024-12-30T10:44:30","date_gmt":"2024-12-30T09:47:39","guid":{"rendered":"https:\/\/fotografmagazine.cz\/?post_type=product&#038;p=36481"},"modified":"2024-12-30T10:53:52","modified_gmt":"2024-12-30T09:53:52","slug":"48-about-me","status":"publish","type":"product","link":"https:\/\/eshop.fotografmagazine.cz\/en\/produkt\/48-about-me\/","title":{"rendered":"#48 about me"},"content":{"rendered":"","protected":false},"excerpt":{"rendered":"<p>Let\u2019s talk about ourselves. Let\u2019s explore what we are and discover who we are. This is important because just as it is necessary to look around us, it is essential to look within ourselves. How does our identity change over time? And how can all of this be captured? For this issue, we have chosen to focus on authors who ask similar questions and possess the ability to reflect them visually in compelling ways. Em\u00edlia Rigov\u00e1 has long explored the position of the Roma minority, using her own physicality to highlight the voice of the Roma people, a voice that is often marginalized. Libu\u0161e Jarcovj\u00e1kov\u00e1 has been involved in photographic self-reflection since a young age, with her photos and diary entries capturing the ideological tension of collapsing socialism and the lives of LGBTQ+ individuals within subcultures. A strong thematic thread emerges in the exploration of gender and queer identity in the works of Dorota Frankov\u00e1, Robert Gabris, Sasha Chaika, Franti\u0161ek Fekete, and Shalva Nikvashvili. Original artistic autotherapy often requiring significant courage to reveal oneself here transforms into a form of therapy for society.<\/p>\n","protected":false},"featured_media":36480,"template":"","meta":{"_acf_changed":false},"product_cat":[92],"product_tag":[],"acf":[],"_links":{"self":[{"href":"https:\/\/eshop.fotografmagazine.cz\/en\/wp-json\/wp\/v2\/product\/36481"}],"collection":[{"href":"https:\/\/eshop.fotografmagazine.cz\/en\/wp-json\/wp\/v2\/product"}],"about":[{"href":"https:\/\/eshop.fotografmagazine.cz\/en\/wp-json\/wp\/v2\/types\/product"}],"wp:featuredmedia":[{"embeddable":true,"href":"https:\/\/eshop.fotografmagazine.cz\/en\/wp-json\/wp\/v2\/media\/36480"}],"wp:attachment":[{"href":"https:\/\/eshop.fotografmagazine.cz\/en\/wp-json\/wp\/v2\/media?parent=36481"}],"wp:term":[{"taxonomy":"product_cat","embeddable":true,"href":"https:\/\/eshop.fotografmagazine.cz\/en\/wp-json\/wp\/v2\/product_cat?post=36481"},{"taxonomy":"product_tag","embeddable":true,"href":"https:\/\/eshop.fotografmagazine.cz\/en\/wp-json\/wp\/v2\/product_tag?post=36481"}],"curies":[{"name":"wp","href":"https:\/\/api.w.org\/{rel}","templated":true}]}}