{"id":36733,"date":"2025-09-17T10:49:45","date_gmt":"2025-09-17T09:49:45","guid":{"rendered":"https:\/\/eshop.fotografmagazine.cz\/produkt\/49-mluvme-spolu-2\/"},"modified":"2025-09-17T10:54:42","modified_gmt":"2025-09-17T09:54:42","slug":"49-talk-togetner","status":"publish","type":"product","link":"https:\/\/eshop.fotografmagazine.cz\/en\/produkt\/49-talk-togetner\/","title":{"rendered":"#49 Talk togetner"},"content":{"rendered":"<p>Toto \u010d\u00edslo se v\u011bnuje jazyku \u2013 jeho podob\u00e1m, mo\u017enostem i hranic\u00edm. Zab\u00fdv\u00e1me se t\u00edm, jak spolu komunikujeme v digit\u00e1ln\u00edm prostoru, jak jazyk um\u011bl\u00e9 inteligence m\u011bn\u00ed na\u0161e p\u0159edstavy o tvo\u0159ivosti a jak mohou vizu\u00e1ln\u00ed obrazy nahrazovat slova. Dozv\u00edte se, pro\u010d jazyk nikdy nen\u00ed neutr\u00e1ln\u00ed a jak dok\u00e1\u017ee formovat identitu, vytv\u00e1\u0159et nerovnosti i otev\u00edrat cestu k osvobozen\u00ed. V \u010d\u00edsle najdete reflexi bell hooks, um\u011bleckou praxi Eszter Magyar, projekty mapuj\u00edc\u00ed romskou komunitu v Brn\u011b i vizu\u00e1ln\u00ed eseje Claudie Larcher a Tabora Robaka. \u010casopis ukazuje jazyk jako n\u00e1stroj komunikace, moci i odporu a zve k p\u0159em\u00fd\u0161len\u00ed o tom, co dnes znamen\u00e1 opravdu spolu mluvit.<\/p>\n","protected":false},"excerpt":{"rendered":"<p>This issue explores language \u2013 its forms, possibilities, and limits. We look at how we communicate in the digital space, how the language of artificial intelligence changes our notions of creativity, and how visual images can replace words. You will discover why language is never neutral and how it shapes identity, creates inequalities, and opens paths to liberation. The issue features a reflection by bell hooks, the artistic practice of Eszter Magyar, projects documenting the Roma community in Brno, and visual essays by Claudia Larcher and Tabor Robak. The magazine presents language as a tool of communication, power, and resistance and invites you to reflect on what it truly means to talk to one another today.<\/p>\n","protected":false},"featured_media":36732,"template":"","meta":{"_acf_changed":false},"product_cat":[92],"product_tag":[],"acf":[],"_links":{"self":[{"href":"https:\/\/eshop.fotografmagazine.cz\/en\/wp-json\/wp\/v2\/product\/36733"}],"collection":[{"href":"https:\/\/eshop.fotografmagazine.cz\/en\/wp-json\/wp\/v2\/product"}],"about":[{"href":"https:\/\/eshop.fotografmagazine.cz\/en\/wp-json\/wp\/v2\/types\/product"}],"wp:featuredmedia":[{"embeddable":true,"href":"https:\/\/eshop.fotografmagazine.cz\/en\/wp-json\/wp\/v2\/media\/36732"}],"wp:attachment":[{"href":"https:\/\/eshop.fotografmagazine.cz\/en\/wp-json\/wp\/v2\/media?parent=36733"}],"wp:term":[{"taxonomy":"product_cat","embeddable":true,"href":"https:\/\/eshop.fotografmagazine.cz\/en\/wp-json\/wp\/v2\/product_cat?post=36733"},{"taxonomy":"product_tag","embeddable":true,"href":"https:\/\/eshop.fotografmagazine.cz\/en\/wp-json\/wp\/v2\/product_tag?post=36733"}],"curies":[{"name":"wp","href":"https:\/\/api.w.org\/{rel}","templated":true}]}}