{"id":6302,"date":"2014-02-28T11:33:00","date_gmt":"2014-02-28T10:33:00","guid":{"rendered":"http:\/\/localhost.fotografmagazine.2017.cz\/product\/mutujici-medium-2\/"},"modified":"2021-03-12T22:33:02","modified_gmt":"2021-03-12T21:33:02","slug":"mutujici-medium","status":"publish","type":"product","link":"https:\/\/eshop.fotografmagazine.cz\/en\/produkt\/mutujici-medium\/","title":{"rendered":"Mutuj\u00edc\u00ed m\u00e9dium"},"content":{"rendered":"<ul>\n<li>Autor: Pavel Van\u010d\u00e1t<\/li>\n<li>Nakladatel: Fotograf 07 o.s., Galerie Rudolfinum<\/li>\n<li>Rok vyd\u00e1n\u00ed: 2011<\/li>\n<li>ISBN: 978-80-254-9129-4<\/li>\n<li>Po\u010det stran: 149<\/li>\n<li>Typ vazby: bro\u017eovan\u00e1<\/li>\n<li>Jazyk: \u010desky s\u00a0anglick\u00fdm resume<\/li>\n<\/ul>\n<p>Pou\u017eit\u00ed fotografie v\u00a0sou\u010dasn\u00e9m um\u011bn\u00ed se od devades\u00e1t\u00fdch let z\u00e1sadn\u011b demokratizovalo: fotografie se postupn\u011b jako um\u011bleck\u00e9 m\u00e9dium vysvobodila z\u00a0izolace dan\u00e9 jej\u00ed technicistn\u011b profesn\u00ed podstatou. V\u00a0posledn\u00edch dvou dek\u00e1d\u00e1ch tak m\u016f\u017eeme pozorovat odklon od modernistick\u00e9 vize fotografie k\u00a0postkonceptu\u00e1ln\u011b formulovan\u00e9 tvorb\u011b. Na poli n\u00e1m\u011bt\u016f a\u00a0sy\u017eet\u016f se d\u016fraz p\u0159esouv\u00e1 od zrcadlen\u00ed (a\u0165 vn\u011bj\u0161\u00ed \u010di vnit\u0159n\u00ed) skute\u010dnosti k\u00a0jej\u00edmu strukturovan\u011bj\u0161\u00edmu popisu: fotografie p\u0159ej\u00edm\u00e1 jazyky poesie, sociologie, psychologie i\u00a0samotn\u00fdch masm\u00e9di\u00ed. V\u00fdstava tak zachycuje postupn\u00e9 prom\u011bny a\u00a0variace fotografie: od postmodern\u00ed nads\u00e1zky p\u0159es konceptu\u00e1ln\u00ed p\u0159\u00edstupy 90. let a\u017e po nejsou\u010dasn\u011bj\u0161\u00ed d\u00edla zkoumaj\u00edc\u00ed samu podstatu fotografick\u00e9ho m\u00e9dia. I\u00a0z\u00a0hlediska ostatn\u00edch um\u011bleck\u00fdch p\u0159\u00edstup\u016f (malba, instalace, performance) nazna\u010duje v\u00fdstava prom\u011bny vn\u00edm\u00e1n\u00ed fotografie jako nositele soci\u00e1ln\u00edho a\u00a0kulturn\u00edho obsahu.<\/p>\n<p>Publikace vy\u0161la jako katalog ke stejnojmenn\u00e9 v\u00fdstav\u011b v\u00a0Galerii Rudolfinum.<\/p>\n","protected":false},"excerpt":{"rendered":"<p>Autor: Pavel Van\u010d\u00e1t Nakladatel: Fotograf 07 o.s., Galerie Rudolfinum Rok vyd\u00e1n\u00ed: 2011 ISBN: 978-80-254-9129-4 Po\u010det stran: 149 Typ vazby: bro\u017eovan\u00e1 Jazyk: \u010desky s\u00a0anglick\u00fdm resume Pou\u017eit\u00ed fotografie v\u00a0sou\u010dasn\u00e9m um\u011bn\u00ed se od devades\u00e1t\u00fdch let z\u00e1sadn\u011b demokratizovalo: fotografie se postupn\u011b jako um\u011bleck\u00e9 m\u00e9dium vysvobodila z\u00a0izolace dan\u00e9 jej\u00ed technicistn\u011b profesn\u00ed podstatou. V\u00a0posledn\u00edch dvou dek\u00e1d\u00e1ch tak m\u016f\u017eeme pozorovat odklon od [&hellip;]<\/p>\n","protected":false},"featured_media":27069,"template":"","meta":{"_acf_changed":false},"product_cat":[113],"product_tag":[],"acf":[],"_links":{"self":[{"href":"https:\/\/eshop.fotografmagazine.cz\/en\/wp-json\/wp\/v2\/product\/6302"}],"collection":[{"href":"https:\/\/eshop.fotografmagazine.cz\/en\/wp-json\/wp\/v2\/product"}],"about":[{"href":"https:\/\/eshop.fotografmagazine.cz\/en\/wp-json\/wp\/v2\/types\/product"}],"wp:featuredmedia":[{"embeddable":true,"href":"https:\/\/eshop.fotografmagazine.cz\/en\/wp-json\/wp\/v2\/media\/27069"}],"wp:attachment":[{"href":"https:\/\/eshop.fotografmagazine.cz\/en\/wp-json\/wp\/v2\/media?parent=6302"}],"wp:term":[{"taxonomy":"product_cat","embeddable":true,"href":"https:\/\/eshop.fotografmagazine.cz\/en\/wp-json\/wp\/v2\/product_cat?post=6302"},{"taxonomy":"product_tag","embeddable":true,"href":"https:\/\/eshop.fotografmagazine.cz\/en\/wp-json\/wp\/v2\/product_tag?post=6302"}],"curies":[{"name":"wp","href":"https:\/\/api.w.org\/{rel}","templated":true}]}}